{"id":94,"date":"2017-11-14T00:03:41","date_gmt":"2017-11-14T00:03:41","guid":{"rendered":"https:\/\/vierbeineroase.ch\/?page_id=94"},"modified":"2017-11-14T01:02:32","modified_gmt":"2017-11-14T01:02:32","slug":"agb","status":"publish","type":"page","link":"https:\/\/vierbeineroase.ch\/?page_id=94","title":{"rendered":"AGB"},"content":{"rendered":"<div id=\"page-zones__main-widgets__5a031e9036c78\" class=\"widget  widget--zone-widget\" data-name=\"content\" data-uniqueid=\"RUp7UvD2kvGA0uX\" data-parentuniqueid=\"IT0AtiFgOG0oyoD\">\n<div class=\"bk-content-text  content  widget__content  wysihtml-editor-content\">\n<p><span class=\"wysiwyg-font-size-large\"><b>Vor dem ersten Aufenthalt seines Hundes bekommt der Besitzer diese AGB&#8217;s zu lesen. Ist er damit einverstanden gelten sie als angenommen.<\/b><\/span><\/p>\n<\/div>\n<\/div>\n<div id=\"page-zones__main-widgets__5a033473ef44f\" class=\"widget  widget--zone-widget\" data-name=\"content\" data-uniqueid=\"Z8395HcHh6uf8YD\" data-parentuniqueid=\"IT0AtiFgOG0oyoD\">\n<div class=\"bk-content-text  content  widget__content  wysihtml-editor-content\">\n<ul>\n<li><span class=\"wysiwyg-font-size-medium\">Danielas Hundehort verpflichtet sich, den Aufenthalt ihres Hundes so angenehm und sicher wie m\u00f6glich zu gestalten.<\/span><\/li>\n<li><span class=\"wysiwyg-font-size-medium\">Da wir Rudelhaltung in unserem eigenen famili\u00e4ren Umfeld betreiben, m\u00fcssen ein paar Regeln beachtet werden.<\/span><\/li>\n<li><span class=\"wysiwyg-font-size-medium\">Der Hund sollte an keiner ansteckenden Krankheit leiden und er muss mit der Kombi-Impfung geimpft sein (Staupe, Zwingerhusten usw.). Beim ersten Besuch ist das Impfb\u00fcchlein mitzubringen. <\/span><\/li>\n<li><span class=\"wysiwyg-font-size-medium\">Die letzte Entwurmung sollte nicht l\u00e4nger als sechs Monate zur\u00fcckliegen. <\/span><\/li>\n<li><span class=\"wysiwyg-font-size-medium\">Der Hundebesitzer erteilt Danielas Hundehort die Erlaubnis den Hund abzuleinen, sofern nichts anderes ausdr\u00fccklich verlangt wird.<\/span><\/li>\n<li><span class=\"wysiwyg-font-size-medium\">Der Besitzer haftet f\u00fcr alle Sch\u00e4den die sein Hund an Gegenst\u00e4nden, Menschen und anderen Tieren zuf\u00fcgt.<\/span><\/li>\n<li><span class=\"wysiwyg-font-size-medium\">Durch gemeinsames Spielen aber auch durch das Ausmachen der Rangordnung, Zug\u00e4nge von neuen Hunden, Eifersucht, Beutetrieb und Missverst\u00e4ndnissen, kann es zu Verletzungen kommen. <\/span><br \/>\n<span class=\"wysiwyg-font-size-medium\">Prinzipiell muss jeder Hundehalter f\u00fcr die Verletzungen seines eigenen Hundes selber aufkommen, unabh\u00e4ngig von Schuld oder Nichtschuld seines Hundes oder der betreuenden Person. F\u00fcr Verletzungen, Krankheiten oder schlimmstenfalls das Ableben des Tieres, \u00fcbernimmt Danielas Hundehort keine Haftung. <\/span><\/li>\n<li><span class=\"wysiwyg-font-size-medium\">Danielas Hundehort bietet den Hunden ein m\u00f6glichst freies Leben, ohne Zwinger oder Hundeboxen. Das Gel\u00e4nde ist zwar eingez\u00e4unt, aber ein Zaun ist keine hundertprozentige Sicherheit f\u00fcr Ausreisser. Auch die t\u00e4glichen Spazierg\u00e4nge sind eine Gelegenheit f\u00fcr Ausreisser. Danielas Hundehort \u00fcbernimmt keine Haftung f\u00fcr Sch\u00e4den, die durch einen solchen Ausreisser entstehen.<\/span><\/li>\n<\/ul>\n<\/div>\n<\/div>\n<div id=\"page-zones__main-widgets__5a031f161c002\" class=\"widget  widget--zone-widget\" data-name=\"content\" data-uniqueid=\"ApsORHfdiAlDFl5\" data-parentuniqueid=\"IT0AtiFgOG0oyoD\">\n<div class=\"bk-content-text  content  widget__content  wysihtml-editor-content\">\n<p><b>Alles weitere wird beim ersten Besuch abgesprochen.<\/b><\/p>\n<\/div>\n<\/div>\n","protected":false},"excerpt":{"rendered":"<p>Vor dem ersten Aufenthalt seines Hundes bekommt der Besitzer diese AGB&#8217;s zu lesen. Ist er damit einverstanden gelten sie als angenommen. Danielas Hundehort verpflichtet sich, den Aufenthalt ihres Hundes so angenehm und sicher wie m\u00f6glich zu gestalten. Da wir Rudelhaltung in unserem eigenen famili\u00e4ren Umfeld betreiben, m\u00fcssen ein paar Regeln beachtet werden. Der Hund sollte &hellip; <\/p>\n<p class=\"link-more\"><a href=\"https:\/\/vierbeineroase.ch\/?page_id=94\" class=\"more-link\"><span class=\"screen-reader-text\">\u201eAGB\u201c <\/span>weiterlesen<\/a><\/p>\n","protected":false},"author":1,"featured_media":0,"parent":0,"menu_order":0,"comment_status":"closed","ping_status":"closed","template":"","meta":{"footnotes":""},"class_list":["post-94","page","type-page","status-publish","hentry"],"_links":{"self":[{"href":"https:\/\/vierbeineroase.ch\/index.php?rest_route=\/wp\/v2\/pages\/94","targetHints":{"allow":["GET"]}}],"collection":[{"href":"https:\/\/vierbeineroase.ch\/index.php?rest_route=\/wp\/v2\/pages"}],"about":[{"href":"https:\/\/vierbeineroase.ch\/index.php?rest_route=\/wp\/v2\/types\/page"}],"author":[{"embeddable":true,"href":"https:\/\/vierbeineroase.ch\/index.php?rest_route=\/wp\/v2\/users\/1"}],"replies":[{"embeddable":true,"href":"https:\/\/vierbeineroase.ch\/index.php?rest_route=%2Fwp%2Fv2%2Fcomments&post=94"}],"version-history":[{"count":2,"href":"https:\/\/vierbeineroase.ch\/index.php?rest_route=\/wp\/v2\/pages\/94\/revisions"}],"predecessor-version":[{"id":147,"href":"https:\/\/vierbeineroase.ch\/index.php?rest_route=\/wp\/v2\/pages\/94\/revisions\/147"}],"wp:attachment":[{"href":"https:\/\/vierbeineroase.ch\/index.php?rest_route=%2Fwp%2Fv2%2Fmedia&parent=94"}],"curies":[{"name":"wp","href":"https:\/\/api.w.org\/{rel}","templated":true}]}}