{"id":4,"date":"2017-11-13T21:07:37","date_gmt":"2017-11-13T21:07:37","guid":{"rendered":"https:\/\/vierbeineroase.ch\/?page_id=4"},"modified":"2018-11-19T09:30:58","modified_gmt":"2018-11-19T09:30:58","slug":"willkommen-auf-meiner-homepage","status":"publish","type":"page","link":"https:\/\/vierbeineroase.ch\/","title":{"rendered":"Home"},"content":{"rendered":"<h1><strong><img loading=\"lazy\" decoding=\"async\" class=\"aligncenter wp-image-191\" src=\"https:\/\/vierbeineroase.ch\/wp-content\/uploads\/2017\/11\/background.jpg\" alt=\"\" width=\"1015\" height=\"371\" srcset=\"https:\/\/vierbeineroase.ch\/wp-content\/uploads\/2017\/11\/background.jpg 1598w, https:\/\/vierbeineroase.ch\/wp-content\/uploads\/2017\/11\/background-300x109.jpg 300w, https:\/\/vierbeineroase.ch\/wp-content\/uploads\/2017\/11\/background-768x280.jpg 768w, https:\/\/vierbeineroase.ch\/wp-content\/uploads\/2017\/11\/background-1024x374.jpg 1024w\" sizes=\"auto, (max-width: 767px) 89vw, (max-width: 1000px) 54vw, (max-width: 1071px) 543px, 580px\" \/>Willkommen auf meiner Homepage!<br \/>\n<\/strong><\/h1>\n<h3><span class=\"wysiwyg-font-size-larger\">In einem umgebauten Bauernhaus mit viel Umschwung betreue ich hauptberuflich Ferien und Tages Hunde.<\/span><\/h3>\n<h3><span class=\"wysiwyg-font-size-larger\"><img loading=\"lazy\" decoding=\"async\" class=\"alignnone wp-image-29 \" style=\"color: #333333; font-size: 1rem;\" src=\"https:\/\/vierbeineroase.ch\/wp-content\/uploads\/2017\/11\/35-W-5-300x216.jpg\" alt=\"\" width=\"331\" height=\"238\" srcset=\"https:\/\/vierbeineroase.ch\/wp-content\/uploads\/2017\/11\/35-W-5-300x216.jpg 300w, https:\/\/vierbeineroase.ch\/wp-content\/uploads\/2017\/11\/35-W-5-768x554.jpg 768w, https:\/\/vierbeineroase.ch\/wp-content\/uploads\/2017\/11\/35-W-5.jpg 900w\" sizes=\"auto, (max-width: 331px) 100vw, 331px\" \/><br \/>\n<\/span><span class=\"wysiwyg-font-size-larger\">Mein eigener Hund Chili freut sich \u00fcber sozialisierte und freundliche Artgenossen.<\/span><\/h3>\n<hr \/>\n<h3><span class=\"wysiwyg-font-size-larger\">Ich betreibe seit 2008 diesen Hundehort mit viel Freude und Herzblut. Bei uns gibt es keine Zwinger oder Einzelhaltung, der ganze Alltag spielt sich im Rudel mit Familienanschluss ab.<\/span><\/h3>\n<h3><span class=\"wysiwyg-font-size-larger\">Selbstverst\u00e4ndlich gibt es individuelle Betreuung mit Spiel und Spass, <\/span><span class=\"wysiwyg-font-size-larger\">sowie\u00a0 Spazierg\u00e4nge.<img loading=\"lazy\" decoding=\"async\" class=\"alignnone size-full wp-image-65\" src=\"https:\/\/vierbeineroase.ch\/wp-content\/uploads\/2017\/11\/impress004.jpg\" alt=\"\" width=\"820\" height=\"482\" srcset=\"https:\/\/vierbeineroase.ch\/wp-content\/uploads\/2017\/11\/impress004.jpg 820w, https:\/\/vierbeineroase.ch\/wp-content\/uploads\/2017\/11\/impress004-300x176.jpg 300w, https:\/\/vierbeineroase.ch\/wp-content\/uploads\/2017\/11\/impress004-768x451.jpg 768w\" sizes=\"auto, (max-width: 767px) 89vw, (max-width: 1000px) 54vw, (max-width: 1071px) 543px, 580px\" \/><\/span><\/h3>\n<h3><span class=\"wysiwyg-font-size-larger\">Ihre lieben Vierbeiner k\u00f6nnen sich im grossen Umschwung rund ums Haus frei bewegen und haben auch gen\u00fcgend Ruhe und Schlafpl\u00e4tze draussen oder in der Wohnung um sich mal zur\u00fcck zuziehen.<\/span><\/h3>\n","protected":false},"excerpt":{"rendered":"<p>Willkommen auf meiner Homepage! In einem umgebauten Bauernhaus mit viel Umschwung betreue ich hauptberuflich Ferien und Tages Hunde. Mein eigener Hund Chili freut sich \u00fcber sozialisierte und freundliche Artgenossen. Ich betreibe seit 2008 diesen Hundehort mit viel Freude und Herzblut. Bei uns gibt es keine Zwinger oder Einzelhaltung, der ganze Alltag spielt sich im Rudel &hellip; <\/p>\n<p class=\"link-more\"><a href=\"https:\/\/vierbeineroase.ch\/\" class=\"more-link\"><span class=\"screen-reader-text\">\u201eHome\u201c <\/span>weiterlesen<\/a><\/p>\n","protected":false},"author":1,"featured_media":0,"parent":0,"menu_order":0,"comment_status":"closed","ping_status":"closed","template":"","meta":{"footnotes":""},"class_list":["post-4","page","type-page","status-publish","hentry"],"_links":{"self":[{"href":"https:\/\/vierbeineroase.ch\/index.php?rest_route=\/wp\/v2\/pages\/4","targetHints":{"allow":["GET"]}}],"collection":[{"href":"https:\/\/vierbeineroase.ch\/index.php?rest_route=\/wp\/v2\/pages"}],"about":[{"href":"https:\/\/vierbeineroase.ch\/index.php?rest_route=\/wp\/v2\/types\/page"}],"author":[{"embeddable":true,"href":"https:\/\/vierbeineroase.ch\/index.php?rest_route=\/wp\/v2\/users\/1"}],"replies":[{"embeddable":true,"href":"https:\/\/vierbeineroase.ch\/index.php?rest_route=%2Fwp%2Fv2%2Fcomments&post=4"}],"version-history":[{"count":18,"href":"https:\/\/vierbeineroase.ch\/index.php?rest_route=\/wp\/v2\/pages\/4\/revisions"}],"predecessor-version":[{"id":212,"href":"https:\/\/vierbeineroase.ch\/index.php?rest_route=\/wp\/v2\/pages\/4\/revisions\/212"}],"wp:attachment":[{"href":"https:\/\/vierbeineroase.ch\/index.php?rest_route=%2Fwp%2Fv2%2Fmedia&parent=4"}],"curies":[{"name":"wp","href":"https:\/\/api.w.org\/{rel}","templated":true}]}}